{"id":46,"date":"2025-10-03T12:28:37","date_gmt":"2025-10-03T12:28:37","guid":{"rendered":"https:\/\/umen.fr\/adherents\/?page_id=46"},"modified":"2025-10-09T15:28:04","modified_gmt":"2025-10-09T15:28:04","slug":"creer-votre-espace-adherent","status":"publish","type":"page","link":"https:\/\/umen.fr\/adherents\/creer-votre-espace-adherent\/","title":{"rendered":"Cr\u00e9er votre espace adh\u00e9rent"},"content":{"rendered":"<div class=\"et_pb_section_0 et_pb_section et_section_regular et_flex_section\">\n<div class=\"et_pb_row_0 et_pb_row et_flex_row\">\n<div class=\"et_pb_column_0 et_pb_column et-last-child et_flex_column et_pb_css_mix_blend_mode_passthrough et_flex_column_24_24 et_flex_column_24_24_tablet et_flex_column_24_24_phone\">\n<div class=\"et_pb_text_0 et_pb_text et_pb_bg_layout_light et_pb_module et_flex_module\"><div class=\"et_pb_text_inner\"><p><b>JE N'AI PAS ENCORE DE COMPTE<\/b><\/p>\n<\/div><\/div>\n\n<div class=\"et_pb_text_1 et_pb_text et_pb_bg_layout_light et_pb_module et_flex_module\"><div class=\"et_pb_text_inner\"><link rel='stylesheet' id='formidable-css' href='https:\/\/umen.fr\/adherents\/wp-content\/plugins\/formidable\/css\/formidableforms.css' type='text\/css' media='all' \/>\n<div class=\"frm_forms  with_frm_style frm_style_style-formidable\" id=\"frm_form_2_container\" data-token=\"fd65be804fbee824e6db253fe2208253\">\n<form enctype=\"multipart\/form-data\" method=\"post\" class=\"frm-show-form  frm_ajax_submit  frm_pro_form \" id=\"form_user-registration\" data-token=\"fd65be804fbee824e6db253fe2208253\">\n<div class=\"frm_form_fields \">\n<fieldset>\n<legend class=\"frm_hidden\">Cr\u00e9ation de votre compte<\/legend>\r\n\r\n<div class=\"frm_fields_container\">\n<input type=\"hidden\" name=\"frm_action\" value=\"create\" \/>\n<input type=\"hidden\" name=\"form_id\" value=\"2\" \/>\n<input type=\"hidden\" name=\"frm_hide_fields_2\" id=\"frm_hide_fields_2\" value=\"\" \/>\n<input type=\"hidden\" name=\"form_key\" value=\"user-registration\" \/>\n<input type=\"hidden\" name=\"item_meta[0]\" value=\"\" \/>\n<input type=\"hidden\" id=\"frm_submit_entry_2\" name=\"frm_submit_entry_2\" value=\"9a3ac22d0c\" \/><input type=\"hidden\" name=\"_wp_http_referer\" value=\"\/adherents\/wp-json\/wp\/v2\/pages\/46\" \/><div id=\"frm_field_6_container\" class=\"frm_form_field form-field  frm_required_field frm_top_container frm_first frm_half frm_capitalize\">\r\n    <label for=\"field_o69jd\" class=\"frm_primary_label\">Votre nom\r\n        <span class=\"frm_required\">*<\/span>\r\n    <\/label>\r\n    <input  type=\"text\" id=\"field_o69jd\" name=\"item_meta[6]\" value=\"\"  placeholder=\"Votre nom\" data-reqmsg=\"Votre nom cannot be blank.\" aria-required=\"true\" data-invmsg=\"Votre nom est non valide\" aria-invalid=\"false\"   \/>\r\n    \r\n    \r\n<\/div>\n<div id=\"frm_field_7_container\" class=\"frm_form_field form-field  frm_required_field frm_hidden_container frm_half\">\r\n    <label for=\"field_l3dkc\" class=\"frm_primary_label\" style=\"visibility:visible\">Votre pr\u00e9nom\r\n        <span class=\"frm_required\">*<\/span>\r\n    <\/label>\r\n    <input  type=\"text\" id=\"field_l3dkc\" name=\"item_meta[7]\" value=\"\"  placeholder=\"Votre pr\u00e9nom\" data-reqmsg=\"Votre pr\u00e9nom cannot be blank.\" aria-required=\"true\" data-invmsg=\"Votre pr\u00e9nom est non valide\" aria-invalid=\"false\"   \/>\r\n    \r\n    \r\n<\/div>\n<div id=\"frm_field_8_container\" class=\"frm_form_field form-field  frm_required_field frm_top_container frm_first frm_full\">\r\n    <label for=\"field_xyrs9\" class=\"frm_primary_label\">Nom d'utilisateur\r\n        <span class=\"frm_required\">*<\/span>\r\n    <\/label>\r\n    <input  type=\"text\" id=\"field_xyrs9\" name=\"item_meta[8]\" value=\"\"  maxlength=\"24\" data-reqmsg=\"Nom d&#039;utilisateur cannot be blank.\" aria-required=\"true\" data-invmsg=\"Nom d&#039;utilisateur est non valide\" aria-invalid=\"false\" pattern=\"([a-zA-Z0-9]{8,24})$\"   aria-describedby=\"frm_desc_field_xyrs9\" \/>\r\n    <div id=\"frm_desc_field_xyrs9\" class=\"frm_description\">Minimum 8 caract\u00e8res. Seules les lettres (a-z-A-Z) et les chiffres (0-9) sont autoris\u00e9s. Pas d'espace, pas d'accent (\u00e9, \u00e8) et pas de carat\u00e8res sp\u00e9ciaux (? ! ,)<\/div>\r\n    \r\n<\/div>\n<div id=\"frm_field_9_container\" class=\"frm_form_field form-field  frm_required_field frm_top_container frm_first frm_half\">\r\n    <label for=\"field_qulq1\" class=\"frm_primary_label\">Votre adresse Email\r\n        <span class=\"frm_required\">*<\/span>\r\n    <\/label>\r\n    <input type=\"email\" id=\"field_qulq1\" name=\"item_meta[9]\" value=\"\"  data-reqmsg=\"Votre adresse Email cannot be blank.\" aria-required=\"true\" data-invmsg=\"Votre adresse Email est non valide\" aria-invalid=\"false\"   aria-describedby=\"frm_desc_field_qulq1\"\/>\r\n    <div id=\"frm_desc_field_qulq1\" class=\"frm_description\">Entrer votre email<\/div>\r\n    \r\n<\/div>\n<div id=\"frm_field_conf_9_container\" class=\"frm_form_field frm_hidden_container frm_conf_field form-field  frm_required_field frm_top_container  frm_half\">\r\n    <label for=\"field_conf_qulq1\" class=\"frm_conf_label frm_primary_label\">Valider Votre adresse Email\r\n        <span class=\"frm_required\">*<\/span>\r\n    <\/label>\r\n    <input type=\"email\" id=\"field_conf_qulq1\" name=\"item_meta[conf_9]\" value=\"\"  data-reqmsg=\"Valider Votre adresse Email cannot be blank.\" aria-required=\"true\" data-confmsg=\"Les valeurs saisies ne correspondent pas.\" data-invmsg=\"Valider Votre adresse Email est non valide\" aria-invalid=\"false\"   aria-describedby=\"frm_desc_field_conf_qulq1\"\/>\r\n    <div id=\"frm_desc_field_conf_qulq1\" class=\"frm_description\">Confirmer votre adresse email<\/div>\r\n    \r\n<\/div>\n<div id=\"frm_field_10_container\" class=\"frm_form_field form-field  frm_required_field frm_top_container frm_first frm_half\">\r\n    <label for=\"field_1abwj\" class=\"frm_primary_label\">Votre mot de passe\r\n        <span class=\"frm_required\">*<\/span>\r\n    <\/label>\r\n    <input type=\"password\" id=\"field_1abwj\" name=\"item_meta[10]\" value=\"\"  data-reqmsg=\"Votre mot de passe cannot be blank.\" aria-required=\"true\" data-invmsg=\"Votre mot de passe est non valide\" aria-invalid=\"false\"   aria-describedby=\"frm_desc_field_1abwj\"\/>\r\n    <div id=\"frm_desc_field_1abwj\" class=\"frm_description\">Entrer votre mot de passe<\/div>\r\n    \r\n<\/div>\n<div id=\"frm_field_conf_10_container\" class=\"frm_form_field frm_hidden_container frm_conf_field form-field  frm_required_field frm_top_container  frm_half\">\r\n    <label for=\"field_conf_1abwj\" class=\"frm_conf_label frm_primary_label\">Valider Votre mot de passe\r\n        <span class=\"frm_required\">*<\/span>\r\n    <\/label>\r\n    <input type=\"password\" id=\"field_conf_1abwj\" name=\"item_meta[conf_10]\" value=\"\"  data-reqmsg=\"Valider Votre mot de passe cannot be blank.\" aria-required=\"true\" data-confmsg=\"Les valeurs saisies ne correspondent pas.\" data-invmsg=\"Valider Votre mot de passe est non valide\" aria-invalid=\"false\"   aria-describedby=\"frm_desc_field_conf_1abwj\"\/>\r\n    <div id=\"frm_desc_field_conf_1abwj\" class=\"frm_description\">Confirmer votre mot de passe<\/div>\r\n    \r\n<\/div>\n<input type=\"hidden\" name=\"item_meta[13]\" id=\"field_zah2u\" value=\"\" data-frmval=\"\"\/>\n<div id=\"frm_field_15_container\" class=\"frm_form_field form-field  frm_none_container\">\r\n\t<label for=\"cf-turnstile-response\" id=\"field_2zszb_label\" class=\"frm_primary_label\">Captcha\r\n\t\t<span class=\"frm_required\" aria-hidden=\"true\"><\/span>\r\n\t<\/label>\r\n\t<div  id=\"field_2zszb\" class=\"frm-cf-turnstile\" data-sitekey=\"0x4AAAAAABbUmtrl_g6ZCdci\" data-language=\"fr-FR\" data-size=\"normal\" data-theme=\"light\"><\/div>\r\n\t\r\n\t\r\n<\/div>\n<div id=\"frm_field_14_container\" class=\"frm_form_field form-field \">\r\n\t<div class=\"frm_submit\">\r\n\r\n<button class=\"frm_button_submit frm_final_submit\" type=\"submit\"   formnovalidate=\"formnovalidate\">Cr\u00e9er mon compte<\/button>\r\n\r\n<\/div>\r\n<\/div>\n\t<input type=\"hidden\" name=\"item_key\" value=\"\" \/>\n\t<input type=\"hidden\" name=\"frm_register[email]\" value=\"9\"\/>\n<input type=\"hidden\" name=\"frm_register[username]\" value=\"8\"\/>\n<input type=\"hidden\" name=\"frm_register[password]\" value=\"10\"\/>\n<input type=\"hidden\" name=\"frm_register[subsite_title]\" value=\"username\"\/>\n<input type=\"hidden\" name=\"frm_register[subsite_domain]\" value=\"blog_title\"\/>\n<input name=\"frm_state\" type=\"hidden\" value=\"omjwWZ4z6J2s4rtcj6NBHK2H9mZD7V5+YNoptJVspSY=\" \/><\/div>\n<\/fieldset>\n<\/div>\n\n<\/form>\n<\/div>\n\n<\/div><\/div>\n\n<div class=\"et_pb_text_2 et_pb_text et_pb_bg_layout_light et_pb_module et_flex_module\"><div class=\"et_pb_text_inner\"><p><span>Vos donn\u00e9es ainsi enregistr\u00e9es ne le sont qu'au titre de la bonne organisation de nos activit\u00e9s, et uniquement utilis\u00e9es par l'\u00e9quipe salari\u00e9e. Nous ne transmettons aucune information vous concernant. Vous pouvez vous reporter \u00e0 la page du site concernant notre engagement de\u00a0<\/span><a href=\"https:\/\/www.umen.fr\/mentions-legales\/\" target=\"_blank\" rel=\"noopener\">confidentialit\u00e9<\/a><span>\u00a0pour avoir des informations plus d\u00e9taill\u00e9es.<\/span><\/p>\n<\/div><\/div>\n<\/div>\n<\/div>\n<\/div>","protected":false},"excerpt":{"rendered":"","protected":false},"author":1,"featured_media":0,"parent":0,"menu_order":0,"comment_status":"closed","ping_status":"closed","template":"","meta":{"footnotes":""},"class_list":["post-46","page","type-page","status-publish","hentry"],"_links":{"self":[{"href":"https:\/\/umen.fr\/adherents\/wp-json\/wp\/v2\/pages\/46","targetHints":{"allow":["GET"]}}],"collection":[{"href":"https:\/\/umen.fr\/adherents\/wp-json\/wp\/v2\/pages"}],"about":[{"href":"https:\/\/umen.fr\/adherents\/wp-json\/wp\/v2\/types\/page"}],"author":[{"embeddable":true,"href":"https:\/\/umen.fr\/adherents\/wp-json\/wp\/v2\/users\/1"}],"replies":[{"embeddable":true,"href":"https:\/\/umen.fr\/adherents\/wp-json\/wp\/v2\/comments?post=46"}],"version-history":[{"count":4,"href":"https:\/\/umen.fr\/adherents\/wp-json\/wp\/v2\/pages\/46\/revisions"}],"predecessor-version":[{"id":117,"href":"https:\/\/umen.fr\/adherents\/wp-json\/wp\/v2\/pages\/46\/revisions\/117"}],"wp:attachment":[{"href":"https:\/\/umen.fr\/adherents\/wp-json\/wp\/v2\/media?parent=46"}],"curies":[{"name":"wp","href":"https:\/\/api.w.org\/{rel}","templated":true}]}}